{"id":8,"date":"2020-09-14T09:56:54","date_gmt":"2020-09-14T09:56:54","guid":{"rendered":"https:\/\/themes.muffingroup.com\/be\/aromatherapy\/?page_id=8"},"modified":"2026-03-16T04:20:37","modified_gmt":"2026-03-16T04:20:37","slug":"nuestr-esencia","status":"publish","type":"page","link":"https:\/\/lilispamassage.com\/en_US\/nuestr-esencia\/","title":{"rendered":"Our Essence"},"content":{"rendered":"<div data-elementor-type=\"wp-page\" data-elementor-id=\"8\" class=\"elementor elementor-8\" data-elementor-post-type=\"page\">\n\t\t\t\t\t\t<section class=\"elementor-section elementor-top-section elementor-element elementor-element-c251637 elementor-section-content-middle elementor-section-stretched elementor-section-boxed elementor-section-height-default elementor-section-height-default\" data-id=\"c251637\" data-element_type=\"section\" data-e-type=\"section\" data-settings=\"{&quot;stretch_section&quot;:&quot;section-stretched&quot;,&quot;background_background&quot;:&quot;classic&quot;}\">\n\t\t\t\t\t\t<div class=\"elementor-container elementor-column-gap-wider\">\n\t\t\t\t\t<div class=\"elementor-column elementor-col-50 elementor-top-column elementor-element elementor-element-923abd1\" data-id=\"923abd1\" data-element_type=\"column\" data-e-type=\"column\">\n\t\t\t<div class=\"elementor-widget-wrap elementor-element-populated\">\n\t\t\t\t\t\t<div class=\"elementor-element elementor-element-7ed7b85 elementor-widget elementor-widget-image\" data-id=\"7ed7b85\" data-element_type=\"widget\" data-e-type=\"widget\" data-widget_type=\"image.default\">\n\t\t\t\t\t\t\t\t\t\t\t\t\t\t\t<img fetchpriority=\"high\" decoding=\"async\" width=\"780\" height=\"1024\" src=\"https:\/\/lilispamassage.com\/wp-content\/uploads\/2026\/02\/17-1.png\" class=\"attachment-large size-large wp-image-370\" alt=\"\" srcset=\"https:\/\/lilispamassage.com\/wp-content\/uploads\/2026\/02\/17-1.png 780w, https:\/\/lilispamassage.com\/wp-content\/uploads\/2026\/02\/17-1-381x500.png 381w, https:\/\/lilispamassage.com\/wp-content\/uploads\/2026\/02\/17-1-229x300.png 229w, https:\/\/lilispamassage.com\/wp-content\/uploads\/2026\/02\/17-1-768x1008.png 768w, https:\/\/lilispamassage.com\/wp-content\/uploads\/2026\/02\/17-1-57x75.png 57w, https:\/\/lilispamassage.com\/wp-content\/uploads\/2026\/02\/17-1-480x630.png 480w\" sizes=\"(max-width:767px) 480px, (max-width:780px) 100vw, 780px\" \/>\t\t\t\t\t\t\t\t\t\t\t\t\t\t\t<\/div>\n\t\t\t\t\t<\/div>\n\t\t<\/div>\n\t\t\t\t<div class=\"elementor-column elementor-col-50 elementor-top-column elementor-element elementor-element-dc76086\" data-id=\"dc76086\" data-element_type=\"column\" data-e-type=\"column\">\n\t\t\t<div class=\"elementor-widget-wrap elementor-element-populated\">\n\t\t\t\t\t\t<div class=\"elementor-element elementor-element-4bcdc3d elementor-widget elementor-widget-text-editor\" data-id=\"4bcdc3d\" data-element_type=\"widget\" data-e-type=\"widget\" data-widget_type=\"text-editor.default\">\n\t\t\t\t\t\t\t\t\t<h2>The Art of Unplugging: Choose your Path to Wellbeing<\/h2><p>Here you explore a new dimension of pleasure and presence. Our tantric therapy is designed to dissolve blockages and reconnect you with your vital energy in an environment of absolute privacy and sensory warmth.<\/p>\t\t\t\t\t\t\t\t<\/div>\n\t\t\t\t<div class=\"elementor-element elementor-element-ea02fef elementor-align-left elementor-widget elementor-widget-button\" data-id=\"ea02fef\" data-element_type=\"widget\" data-e-type=\"widget\" data-widget_type=\"button.default\">\n\t\t\t\t\t\t\t\t\t\t<a class=\"elementor-button elementor-button-link elementor-size-sm\" href=\"https:\/\/wa.me\/573009472410?text=Hola%20Lili%20Spa%20\u2728.%20Estuve%20leyendo%20sobre%20su%20esencia%20en%20la%20web%20y%20quiero%20reservar%20un%20tratamiento.%20\u00bfMe%20podr\u00edan%20asesorar?%20\ud83c\udf3f\" target=\"_blank\">\n\t\t\t\t\t\t<span class=\"elementor-button-content-wrapper\">\n\t\t\t\t\t\t\t\t\t<span class=\"elementor-button-text\">Book Treatment<\/span>\n\t\t\t\t\t<\/span>\n\t\t\t\t\t<\/a>\n\t\t\t\t\t\t\t\t<\/div>\n\t\t\t\t\t<\/div>\n\t\t<\/div>\n\t\t\t\t\t<\/div>\n\t\t<\/section>\n\t\t\t\t<section class=\"elementor-section elementor-top-section elementor-element elementor-element-52f0d58 elementor-section-stretched elementor-section-boxed elementor-section-height-default elementor-section-height-default\" data-id=\"52f0d58\" data-element_type=\"section\" data-e-type=\"section\" data-settings=\"{&quot;stretch_section&quot;:&quot;section-stretched&quot;,&quot;background_background&quot;:&quot;classic&quot;}\">\n\t\t\t\t\t\t<div class=\"elementor-container elementor-column-gap-wider\">\n\t\t\t\t\t<div class=\"elementor-column elementor-col-25 elementor-top-column elementor-element elementor-element-c5b88c4\" data-id=\"c5b88c4\" data-element_type=\"column\" data-e-type=\"column\">\n\t\t\t<div class=\"elementor-widget-wrap elementor-element-populated\">\n\t\t\t\t\t\t<div class=\"elementor-element elementor-element-eebcc54 elementor-widget elementor-widget-image\" data-id=\"eebcc54\" data-element_type=\"widget\" data-e-type=\"widget\" data-widget_type=\"image.default\">\n\t\t\t\t\t\t\t\t\t\t\t\t\t\t\t<img decoding=\"async\" width=\"100\" height=\"100\" src=\"https:\/\/lilispamassage.com\/wp-content\/uploads\/2026\/01\/1-1.png\" class=\"attachment-large size-large wp-image-147\" alt=\"\" srcset=\"https:\/\/lilispamassage.com\/wp-content\/uploads\/2026\/01\/1-1.png 100w, https:\/\/lilispamassage.com\/wp-content\/uploads\/2026\/01\/1-1-75x75.png 75w\" sizes=\"(max-width:767px) 100px, 100px\" \/>\t\t\t\t\t\t\t\t\t\t\t\t\t\t\t<\/div>\n\t\t\t\t<div class=\"elementor-element elementor-element-e37655c elementor-widget elementor-widget-spacer\" data-id=\"e37655c\" data-element_type=\"widget\" data-e-type=\"widget\" data-widget_type=\"spacer.default\">\n\t\t\t\t\t\t\t<div class=\"elementor-spacer\">\n\t\t\t<div class=\"elementor-spacer-inner\"><\/div>\n\t\t<\/div>\n\t\t\t\t\t\t<\/div>\n\t\t\t\t<div class=\"elementor-element elementor-element-59f7c90 elementor-widget elementor-widget-text-editor\" data-id=\"59f7c90\" data-element_type=\"widget\" data-e-type=\"widget\" data-widget_type=\"text-editor.default\">\n\t\t\t\t\t\t\t\t\t<h4>Expert Hands<\/h4><p class=\"translation-block\">Certified therapists with mastery of advanced techniques, guaranteeing an ethical, safe, and high-level service in every session.<\/p>\t\t\t\t\t\t\t\t<\/div>\n\t\t\t\t\t<\/div>\n\t\t<\/div>\n\t\t\t\t<div class=\"elementor-column elementor-col-25 elementor-top-column elementor-element elementor-element-093b37e\" data-id=\"093b37e\" data-element_type=\"column\" data-e-type=\"column\">\n\t\t\t<div class=\"elementor-widget-wrap elementor-element-populated\">\n\t\t\t\t\t\t<div class=\"elementor-element elementor-element-89fc246 elementor-widget elementor-widget-image\" data-id=\"89fc246\" data-element_type=\"widget\" data-e-type=\"widget\" data-widget_type=\"image.default\">\n\t\t\t\t\t\t\t\t\t\t\t\t\t\t\t<img decoding=\"async\" width=\"100\" height=\"100\" src=\"https:\/\/lilispamassage.com\/wp-content\/uploads\/2026\/01\/iconos3.png\" class=\"attachment-large size-large wp-image-192\" alt=\"\" srcset=\"https:\/\/lilispamassage.com\/wp-content\/uploads\/2026\/01\/iconos3.png 100w, https:\/\/lilispamassage.com\/wp-content\/uploads\/2026\/01\/iconos3-75x75.png 75w\" sizes=\"(max-width:767px) 100px, 100px\" \/>\t\t\t\t\t\t\t\t\t\t\t\t\t\t\t<\/div>\n\t\t\t\t<div class=\"elementor-element elementor-element-9ff6d20 elementor-widget elementor-widget-spacer\" data-id=\"9ff6d20\" data-element_type=\"widget\" data-e-type=\"widget\" data-widget_type=\"spacer.default\">\n\t\t\t\t\t\t\t<div class=\"elementor-spacer\">\n\t\t\t<div class=\"elementor-spacer-inner\"><\/div>\n\t\t<\/div>\n\t\t\t\t\t\t<\/div>\n\t\t\t\t<div class=\"elementor-element elementor-element-45ee46e elementor-widget elementor-widget-text-editor\" data-id=\"45ee46e\" data-element_type=\"widget\" data-e-type=\"widget\" data-widget_type=\"text-editor.default\">\n\t\t\t\t\t\t\t\t\t<h4>Sensory Immersion<\/h4><p>\u00a0Private sanctuaries designed with warm lighting, aromatherapy, and silence to achieve immediate mental disconnection.<\/p>\t\t\t\t\t\t\t\t<\/div>\n\t\t\t\t\t<\/div>\n\t\t<\/div>\n\t\t\t\t<div class=\"elementor-column elementor-col-25 elementor-top-column elementor-element elementor-element-7351945\" data-id=\"7351945\" data-element_type=\"column\" data-e-type=\"column\">\n\t\t\t<div class=\"elementor-widget-wrap elementor-element-populated\">\n\t\t\t\t\t\t<div class=\"elementor-element elementor-element-590dbf2 elementor-widget elementor-widget-spacer\" data-id=\"590dbf2\" data-element_type=\"widget\" data-e-type=\"widget\" data-widget_type=\"spacer.default\">\n\t\t\t\t\t\t\t<div class=\"elementor-spacer\">\n\t\t\t<div class=\"elementor-spacer-inner\"><\/div>\n\t\t<\/div>\n\t\t\t\t\t\t<\/div>\n\t\t\t\t<div class=\"elementor-element elementor-element-bf8ef77 elementor-widget elementor-widget-image\" data-id=\"bf8ef77\" data-element_type=\"widget\" data-e-type=\"widget\" data-widget_type=\"image.default\">\n\t\t\t\t\t\t\t\t\t\t\t\t\t\t\t<img loading=\"lazy\" decoding=\"async\" width=\"100\" height=\"100\" src=\"https:\/\/lilispamassage.com\/wp-content\/uploads\/2026\/01\/2-1.png\" class=\"attachment-large size-large wp-image-148\" alt=\"\" srcset=\"https:\/\/lilispamassage.com\/wp-content\/uploads\/2026\/01\/2-1.png 100w, https:\/\/lilispamassage.com\/wp-content\/uploads\/2026\/01\/2-1-75x75.png 75w\" sizes=\"(max-width:767px) 100px, 100px\" \/>\t\t\t\t\t\t\t\t\t\t\t\t\t\t\t<\/div>\n\t\t\t\t<div class=\"elementor-element elementor-element-2a40f07 elementor-widget elementor-widget-text-editor\" data-id=\"2a40f07\" data-element_type=\"widget\" data-e-type=\"widget\" data-widget_type=\"text-editor.default\">\n\t\t\t\t\t\t\t\t\t<h4>Exclusive Rituals<\/h4><p>Sensory experiences that go beyond traditional massage, merging physical well-being and energetic balance.<\/p>\t\t\t\t\t\t\t\t<\/div>\n\t\t\t\t\t<\/div>\n\t\t<\/div>\n\t\t\t\t<div class=\"elementor-column elementor-col-25 elementor-top-column elementor-element elementor-element-fad43b7\" data-id=\"fad43b7\" data-element_type=\"column\" data-e-type=\"column\">\n\t\t\t<div class=\"elementor-widget-wrap elementor-element-populated\">\n\t\t\t\t\t\t<div class=\"elementor-element elementor-element-a782409 elementor-widget elementor-widget-image\" data-id=\"a782409\" data-element_type=\"widget\" data-e-type=\"widget\" data-widget_type=\"image.default\">\n\t\t\t\t\t\t\t\t\t\t\t\t\t\t\t<img loading=\"lazy\" decoding=\"async\" width=\"100\" height=\"100\" src=\"https:\/\/lilispamassage.com\/wp-content\/uploads\/2026\/01\/iconos5.png\" class=\"attachment-large size-large wp-image-200\" alt=\"\" srcset=\"https:\/\/lilispamassage.com\/wp-content\/uploads\/2026\/01\/iconos5.png 100w, https:\/\/lilispamassage.com\/wp-content\/uploads\/2026\/01\/iconos5-75x75.png 75w\" sizes=\"(max-width:767px) 100px, 100px\" \/>\t\t\t\t\t\t\t\t\t\t\t\t\t\t\t<\/div>\n\t\t\t\t<div class=\"elementor-element elementor-element-8f58d7a elementor-widget elementor-widget-spacer\" data-id=\"8f58d7a\" data-element_type=\"widget\" data-e-type=\"widget\" data-widget_type=\"spacer.default\">\n\t\t\t\t\t\t\t<div class=\"elementor-spacer\">\n\t\t\t<div class=\"elementor-spacer-inner\"><\/div>\n\t\t<\/div>\n\t\t\t\t\t\t<\/div>\n\t\t\t\t<div class=\"elementor-element elementor-element-9171314 elementor-widget elementor-widget-text-editor\" data-id=\"9171314\" data-element_type=\"widget\" data-e-type=\"widget\" data-widget_type=\"text-editor.default\">\n\t\t\t\t\t\t\t\t\t<h4>Personalized Wellness<\/h4><p>Each therapy is adapted to your specific needs, whether it is deep muscle recovery or absolute relaxation.<\/p>\t\t\t\t\t\t\t\t<\/div>\n\t\t\t\t\t<\/div>\n\t\t<\/div>\n\t\t\t\t\t<\/div>\n\t\t<\/section>\n\t\t\t\t<section class=\"elementor-section elementor-top-section elementor-element elementor-element-458419e elementor-section-content-middle elementor-section-stretched elementor-section-boxed elementor-section-height-default elementor-section-height-default\" data-id=\"458419e\" data-element_type=\"section\" data-e-type=\"section\" data-settings=\"{&quot;stretch_section&quot;:&quot;section-stretched&quot;,&quot;background_background&quot;:&quot;classic&quot;}\">\n\t\t\t\t\t\t<div class=\"elementor-container elementor-column-gap-wider\">\n\t\t\t\t\t<div class=\"elementor-column elementor-col-50 elementor-top-column elementor-element elementor-element-186418f\" data-id=\"186418f\" data-element_type=\"column\" data-e-type=\"column\">\n\t\t\t<div class=\"elementor-widget-wrap elementor-element-populated\">\n\t\t\t\t\t\t<div class=\"elementor-element elementor-element-cd486b5 elementor-widget elementor-widget-text-editor\" data-id=\"cd486b5\" data-element_type=\"widget\" data-e-type=\"widget\" data-widget_type=\"text-editor.default\">\n\t\t\t\t\t\t\t\t\t<h2>Experience Serenity at Its Finest<\/h2><p data-path-to-node=\"5,0\">At Lili Spa Massage, every corner is designed to transport you to a state of deep peace. Our careful selection of aromas, soft lighting, and natural elements create an enveloping atmosphere that invites total relaxation.<\/p><p data-path-to-node=\"5,1\">Allow us to guide you on a sensory journey where stress dissolves and your well-being becomes our priority. Discover the perfect refuge to renew your body and soul.<\/p>\t\t\t\t\t\t\t\t<\/div>\n\t\t\t\t\t<\/div>\n\t\t<\/div>\n\t\t\t\t<div class=\"elementor-column elementor-col-50 elementor-top-column elementor-element elementor-element-d0eaeb1\" data-id=\"d0eaeb1\" data-element_type=\"column\" data-e-type=\"column\">\n\t\t\t<div class=\"elementor-widget-wrap elementor-element-populated\">\n\t\t\t\t\t\t<div class=\"elementor-element elementor-element-a98768c elementor-widget elementor-widget-image\" data-id=\"a98768c\" data-element_type=\"widget\" data-e-type=\"widget\" data-widget_type=\"image.default\">\n\t\t\t\t\t\t\t\t\t\t\t\t\t\t\t<img loading=\"lazy\" decoding=\"async\" width=\"780\" height=\"1024\" src=\"https:\/\/lilispamassage.com\/wp-content\/uploads\/2026\/02\/\u2014Lucia3.png\" class=\"attachment-large size-large wp-image-374\" alt=\"\" srcset=\"https:\/\/lilispamassage.com\/wp-content\/uploads\/2026\/02\/\u2014Lucia3.png 780w, https:\/\/lilispamassage.com\/wp-content\/uploads\/2026\/02\/\u2014Lucia3-381x500.png 381w, https:\/\/lilispamassage.com\/wp-content\/uploads\/2026\/02\/\u2014Lucia3-229x300.png 229w, https:\/\/lilispamassage.com\/wp-content\/uploads\/2026\/02\/\u2014Lucia3-768x1008.png 768w, https:\/\/lilispamassage.com\/wp-content\/uploads\/2026\/02\/\u2014Lucia3-57x75.png 57w, https:\/\/lilispamassage.com\/wp-content\/uploads\/2026\/02\/\u2014Lucia3-480x630.png 480w\" sizes=\"(max-width:767px) 480px, (max-width:780px) 100vw, 780px\" \/>\t\t\t\t\t\t\t\t\t\t\t\t\t\t\t<\/div>\n\t\t\t\t\t<\/div>\n\t\t<\/div>\n\t\t\t\t\t<\/div>\n\t\t<\/section>\n\t\t\t\t<section class=\"elementor-section elementor-top-section elementor-element elementor-element-f76a557 elementor-section-stretched elementor-section-full_width elementor-section-height-default elementor-section-height-default\" data-id=\"f76a557\" data-element_type=\"section\" data-e-type=\"section\" data-settings=\"{&quot;stretch_section&quot;:&quot;section-stretched&quot;,&quot;background_background&quot;:&quot;classic&quot;}\">\n\t\t\t\t\t\t<div class=\"elementor-container elementor-column-gap-wider\">\n\t\t\t\t\t<div class=\"elementor-column elementor-col-100 elementor-top-column elementor-element elementor-element-7cf3c78\" data-id=\"7cf3c78\" data-element_type=\"column\" data-e-type=\"column\">\n\t\t\t<div class=\"elementor-widget-wrap elementor-element-populated\">\n\t\t\t\t\t\t<div class=\"elementor-element elementor-element-c618c33 elementor-widget elementor-widget-text-editor\" data-id=\"c618c33\" data-element_type=\"widget\" data-e-type=\"widget\" data-widget_type=\"text-editor.default\">\n\t\t\t\t\t\t\t\t\t<h2>Real Experiences, Genuine Wellness<\/h2>\t\t\t\t\t\t\t\t<\/div>\n\t\t\t\t<section class=\"elementor-section elementor-inner-section elementor-element elementor-element-48ae773 elementor-section-full_width elementor-section-height-default elementor-section-height-default\" data-id=\"48ae773\" data-element_type=\"section\" data-e-type=\"section\" data-settings=\"{&quot;background_background&quot;:&quot;classic&quot;}\">\n\t\t\t\t\t\t\t<div class=\"elementor-background-overlay\"><\/div>\n\t\t\t\t\t\t\t<div class=\"elementor-container elementor-column-gap-default\">\n\t\t\t\t\t<div class=\"elementor-column elementor-col-100 elementor-inner-column elementor-element elementor-element-87c1a04\" data-id=\"87c1a04\" data-element_type=\"column\" data-e-type=\"column\" data-settings=\"{&quot;background_background&quot;:&quot;classic&quot;}\">\n\t\t\t<div class=\"elementor-widget-wrap elementor-element-populated\">\n\t\t\t\t\t\t<div class=\"elementor-element elementor-element-d6bfdfd elementor-widget elementor-widget-text-editor\" data-id=\"d6bfdfd\" data-element_type=\"widget\" data-e-type=\"widget\" data-widget_type=\"text-editor.default\">\n\t\t\t\t\t\t\t\t\t<h2><span style=\"color: #ffffff;\">Book your appointment in person\u00a0<\/span><\/h2><h2><span style=\"color: #ffffff;\">or at home in Medellin or Cartagena<\/span><\/h2>\t\t\t\t\t\t\t\t<\/div>\n\t\t\t\t<div class=\"elementor-element elementor-element-6b0d415 elementor-align-center elementor-widget elementor-widget-button\" data-id=\"6b0d415\" data-element_type=\"widget\" data-e-type=\"widget\" data-widget_type=\"button.default\">\n\t\t\t\t\t\t\t\t\t\t<a class=\"elementor-button elementor-button-link elementor-size-sm\" href=\"https:\/\/wa.me\/573009472410?text=\u00a1Hola%20Lili%20Spa!%20\ud83c\udfe0%20Me%20interesa%20el%20servicio%20a%20*DOMICILIO%20en%20Medell\u00edn*.%20\u00bfMe%20podr\u00edan%20dar%20informaci\u00f3n%20de%20precios%20y%20disponibilidad?%20\ud83d\udccd\u2728\" target=\"_blank\">\n\t\t\t\t\t\t<span class=\"elementor-button-content-wrapper\">\n\t\t\t\t\t\t\t\t\t<span class=\"elementor-button-text\">Check availability<\/span>\n\t\t\t\t\t<\/span>\n\t\t\t\t\t<\/a>\n\t\t\t\t\t\t\t\t<\/div>\n\t\t\t\t\t<\/div>\n\t\t<\/div>\n\t\t\t\t\t<\/div>\n\t\t<\/section>\n\t\t\t\t\t<\/div>\n\t\t<\/div>\n\t\t\t\t\t<\/div>\n\t\t<\/section>\n\t\t\t\t<\/div>","protected":false},"excerpt":{"rendered":"<p>El Arte de la Desconexi\u00f3n elige tu Camino al Bienestar Aqu\u00ed exploras una nueva dimensi\u00f3n de placer y presencia. Nuestra terapia t\u00e1ntrica est\u00e1 dise\u00f1ada para disolver<span class=\"excerpt-hellip\"> [\u2026]<\/span><\/p>\n","protected":false},"author":1,"featured_media":0,"parent":0,"menu_order":0,"comment_status":"open","ping_status":"closed","template":"","meta":{"footnotes":""},"class_list":["post-8","page","type-page","status-publish","hentry"],"_hostinger_reach_plugin_has_subscription_block":false,"_hostinger_reach_plugin_is_elementor":false,"_links":{"self":[{"href":"https:\/\/lilispamassage.com\/en_US\/wp-json\/wp\/v2\/pages\/8","targetHints":{"allow":["GET"]}}],"collection":[{"href":"https:\/\/lilispamassage.com\/en_US\/wp-json\/wp\/v2\/pages"}],"about":[{"href":"https:\/\/lilispamassage.com\/en_US\/wp-json\/wp\/v2\/types\/page"}],"author":[{"embeddable":true,"href":"https:\/\/lilispamassage.com\/en_US\/wp-json\/wp\/v2\/users\/1"}],"replies":[{"embeddable":true,"href":"https:\/\/lilispamassage.com\/en_US\/wp-json\/wp\/v2\/comments?post=8"}],"version-history":[{"count":55,"href":"https:\/\/lilispamassage.com\/en_US\/wp-json\/wp\/v2\/pages\/8\/revisions"}],"predecessor-version":[{"id":488,"href":"https:\/\/lilispamassage.com\/en_US\/wp-json\/wp\/v2\/pages\/8\/revisions\/488"}],"wp:attachment":[{"href":"https:\/\/lilispamassage.com\/en_US\/wp-json\/wp\/v2\/media?parent=8"}],"curies":[{"name":"wp","href":"https:\/\/api.w.org\/{rel}","templated":true}]}}